{"id":42635,"date":"2025-08-18T19:16:57","date_gmt":"2025-08-18T10:16:57","guid":{"rendered":"https:\/\/defier.jp\/company\/"},"modified":"2025-08-20T13:59:34","modified_gmt":"2025-08-20T04:59:34","slug":"company","status":"publish","type":"page","link":"https:\/\/defier.jp\/fr\/company\/","title":{"rendered":"Pr\u00e9sentation de l&#8217;entreprise"},"content":{"rendered":"\n  <div class=\"banner has-hover\" id=\"banner-1604134580\">\n          <div class=\"banner-inner fill\">\n        <div class=\"banner-bg fill\" >\n            <img loading=\"lazy\" decoding=\"async\" width=\"1020\" height=\"680\" src=\"https:\/\/defier.jp\/wp-content\/uploads\/2024\/03\/64dc56021bb0399ff809d435_\u4f1a\u793e\u6982\u8981_DEFiER-1200x800.jpg\" class=\"bg attachment-large size-large\" alt=\"\" \/>                        <div class=\"overlay\"><\/div>            \n                    <\/div>\n\t\t\n        <div class=\"banner-layers container\">\n            <div class=\"fill banner-link\"><\/div>            \n   <div id=\"text-box-466463635\" class=\"text-box banner-layer hide-for-small x50 md-x50 lg-x50 y50 md-y50 lg-y50 res-text\">\n                                <div class=\"text-box-content text dark\">\n              \n              <div class=\"text-inner text-center\">\n                  \n<div class=\"container section-title-container\" ><h1 class=\"section-title section-title-normal\"><b aria-hidden=\"true\"><\/b><span class=\"section-title-main\" style=\"color:rgb(255, 255, 255);\"> Profil de l&#039;entreprise<\/span><b aria-hidden=\"true\"><\/b><\/h1><\/div>\n              <\/div>\n           <\/div>\n                            \n<style>\n#text-box-466463635 .text-inner {\n  padding: 0px 0px 0px 0px;\n}\n#text-box-466463635 {\n  width: 79%;\n}\n#text-box-466463635 .text-box-content {\n  font-size: 100%;\n}\n@media (min-width:550px) {\n  #text-box-466463635 {\n    width: 77%;\n  }\n}\n@media (min-width:850px) {\n  #text-box-466463635 {\n    width: 72%;\n  }\n}\n<\/style>\n    <\/div>\n \n   <div id=\"text-box-1806910194\" class=\"text-box banner-layer show-for-small x50 md-x50 lg-x50 y50 md-y50 lg-y50 res-text\">\n                                <div class=\"text-box-content text dark\">\n              \n              <div class=\"text-inner text-center\">\n                  \n<div class=\"container section-title-container show-for-small\" ><h1 class=\"section-title section-title-normal\"><b aria-hidden=\"true\"><\/b><span class=\"section-title-main\" style=\"color:rgb(255, 255, 255);\"> Profil de l&#039;entreprise<\/span><b aria-hidden=\"true\"><\/b><\/h1><\/div>\n              <\/div>\n           <\/div>\n                            \n<style>\n#text-box-1806910194 .text-inner {\n  padding: 0px 0px 0px 0px;\n}\n#text-box-1806910194 {\n  width: 75%;\n}\n#text-box-1806910194 .text-box-content {\n  font-size: 100%;\n}\n@media (min-width:550px) {\n  #text-box-1806910194 {\n    width: 77%;\n  }\n}\n@media (min-width:850px) {\n  #text-box-1806910194 {\n    width: 72%;\n  }\n}\n<\/style>\n    <\/div>\n \n        <\/div>\n      <\/div>\n\n            \n<style>\n#banner-1604134580 {\n  padding-top: 300px;\n  background-color: #446084;\n}\n#banner-1604134580 .overlay {\n  background-color: rgba(1, 29, 5, 0.4);\n}\n#banner-1604134580 .banner-bg img {\n  object-position: 50% 55%;\n}\n<\/style>\n  <\/div>\n\n\n\n\t<section class=\"section\" id=\"section_324003249\">\n\t\t<div class=\"section-bg fill\" >\n\t\t\t\t\t\t\t\t\t\n\t\t\t\n\n\t\t<\/div>\n\n\t\t\n\n\t\t<div class=\"section-content relative\">\n\t\t\t\n<div class=\"row\"  id=\"row-755498371\">\n\n\t<div id=\"col-337428646\" class=\"col small-12 large-12\"  >\n\t\t\t\t<div class=\"col-inner\"  >\n\t\t\t\n\t\t\t\n<div class=\"container section-title-container\" ><h3 class=\"section-title section-title-normal\"><b aria-hidden=\"true\"><\/b><span class=\"section-title-main\" >Informations sur l&#039;entreprise<\/span><b aria-hidden=\"true\"><\/b><\/h3><\/div>\n<div class=\"size-guide\">\r\n<table class=\"company-overview-table\">\r\n<tbody>\r\n<tr>\r\n<td>Nom commercial<\/td>\r\n<td>\u682a\u5f0f\u4f1a\u793e\u30c7\u30d5\u30a3\u30fc\u30eb<br\/>DEFiER Co., Ltd.<\/td>\r\n<\/tr>\r\n\r\n<tr>\r\n<td>Etablissement<\/td>\r\n<td>\r\nF\u00e9vrier 2014<\/td>\r\n<\/tr>\r\n\r\n<tr>\r\n<td>Capital<\/td>\r\n<td>\r\n8,000,000\u5186<\/td>\r\n<\/tr>\r\n\r\n<tr>\r\n<td>Emplacement du si\u00e8ge social<\/td>\r\n<td>\r\nRotary-20 Bldg. 1F, 2-3, Minami 2-jo Nishi 20-chome, Chuo-ku, Sapporo, Hokkaido, 064-0802, Japon<\/td>\r\n<\/tr>\r\n\r\n<tr>\r\n<td>Repr\u00e9sentant<\/td>\r\n<td>\r\nSugai Hitoshi<\/td>\r\n<\/tr>\r\n\r\n<tr>\r\n<td>Activit\u00e9s commerciales<\/td>\r\n<td>\r\nD\u00e9veloppement, fabrication et vente de produits de judo<br\/>\r\nActivit\u00e9 OEM de Kimono d'a\u00efkido<br\/>\r\nActivit\u00e9 d'enseignement du judo et d'entra\u00eenement du judo<\/td>\r\n<\/tr>\r\n\r\n\r\n\r\n<\/tbody>\r\n<\/table>\r\n<p><!-- \/.size-guide-table -->\r\n<\/div>\r\n<p><!-- \/.size-guide --><\/p>\n\t\t<\/div>\n\t\t\t\t\t<\/div>\n\n\t\n<\/div>\n<div class=\"container section-title-container\" ><h3 class=\"section-title section-title-normal\"><b aria-hidden=\"true\"><\/b><span class=\"section-title-main\" >Message par le Pr\u00e9sident<\/span><b aria-hidden=\"true\"><\/b><\/h3><\/div>\n<div class=\"row align-equal align-center\"  id=\"row-1772743062\">\n\n\t<div id=\"col-1301560966\" class=\"col medium-8 small-12 large-8\"  >\n\t\t\t\t<div class=\"col-inner\"  >\n\t\t\t\n\t\t\t\n\t<div id=\"text-91375886\" class=\"text serif-letters\">\n\t\t\n<h3>Nous croyons au pouvoir des arts martiaux et voulons rendre l&#8217;avenir de ce monde meilleur.<\/h3>\n<p><\/p>\n<p>Dans la soci\u00e9t\u00e9 de l&#8217;information d&#8217;aujourd&#8217;hui, nous ne devons pas nous perdre de vue dans la recherche de la commodit\u00e9 et du confort. C&#8217;est pr\u00e9cis\u00e9ment parce que nous vivons \u00e0 une telle \u00e9poque que nous nous engageons  \u00e0 cr\u00e9er une nouvelle tradition qui relie les gens les uns aux autres, avec un sens de la mission de diffusion des arts martiaux japonais qui nous explorer aux peulpes du monde. Nous ferons tout notre possible pour vous aider \u00e0 explorer et \u00e0 vous familiariser avec la culture du Sashiko et du Budo. Nous nous r\u00e9jouissons de votre patronage continu.<\/p>\n<p><\/p>\n<p class=\"align-r\"><strong>Pr\u00e9sident<br \/>Sugai Hitoshi<\/strong><\/p>\n<p><\/p>\n<p>\n\t\t\t<\/div>\n\t\n\t\t<\/div>\n\t\t\t\t\t<\/div>\n\n\t\n\n\t<div id=\"col-438107688\" class=\"col medium-4 small-12 large-4\"  >\n\t\t\t\t<div class=\"col-inner text-center\"  >\n\t\t\t\n\t\t\t\n\t<div class=\"img has-hover x md-x lg-x y md-y lg-y\" id=\"image_1687973936\">\n\t\t\t\t\t\t\t\t<div class=\"img-inner dark\" >\n\t\t\t<img loading=\"lazy\" decoding=\"async\" width=\"266\" height=\"400\" src=\"https:\/\/defier.jp\/wp-content\/uploads\/2019\/08\/Defier-sugai-ceo-266x400.jpg\" class=\"attachment-medium size-medium\" alt=\"\" srcset=\"https:\/\/defier.jp\/wp-content\/uploads\/2019\/08\/Defier-sugai-ceo-266x400.jpg 266w, https:\/\/defier.jp\/wp-content\/uploads\/2019\/08\/Defier-sugai-ceo-510x767.jpg 510w, https:\/\/defier.jp\/wp-content\/uploads\/2019\/08\/Defier-sugai-ceo-532x800.jpg 532w, https:\/\/defier.jp\/wp-content\/uploads\/2019\/08\/Defier-sugai-ceo.jpg 665w\" sizes=\"auto, (max-width: 266px) 100vw, 266px\" \/>\t\t\t\t\t\t\n\t\t\t\t\t<\/div>\n\t\t\t\t\t\t\t\t\n<style>\n#image_1687973936 {\n  width: 70%;\n}\n<\/style>\n\t<\/div>\n\t\n\t\t<\/div>\n\t\t\t\t\t<\/div>\n\n\t\n<\/div>\n\t\t<\/div>\n\n\t\t\n<style>\n#section_324003249 {\n  padding-top: 20px;\n  padding-bottom: 20px;\n}\n@media (min-width:850px) {\n  #section_324003249 {\n    padding-top: 30px;\n    padding-bottom: 30px;\n  }\n}\n<\/style>\n\t<\/section>\n\t\n\n\t<section class=\"section\" id=\"section_691633568\">\n\t\t<div class=\"section-bg fill\" >\n\t\t\t\t\t\t\t\t\t\n\t\t\t\n\n\t\t<\/div>\n\n\t\t\n\n\t\t<div class=\"section-content relative\">\n\t\t\t\n<span class=\"scroll-to\" data-label=\"Scroll to: #showroom\" data-bullet=\"false\" data-link=\"#showroom\" data-title=\"showroom\"><a name=\"showroom\"><\/a><\/span>\n<div class=\"container section-title-container\" ><h3 class=\"section-title section-title-normal\"><b aria-hidden=\"true\"><\/b><span class=\"section-title-main\" >Si\u00e8ge social de Sapporo &amp; ATELIER SABURAU Salles d&#039;exposition<\/span><b aria-hidden=\"true\"><\/b><\/h3><\/div>\n<div class=\"row align-equal align-center\"  id=\"row-967090594\">\n\n\t<div id=\"col-1283314375\" class=\"col small-12 large-12\"  >\n\t\t\t\t<div class=\"col-inner\"  >\n\t\t\t\n\t\t\t\n\n\t<section class=\"section\" id=\"section_726466583\">\n\t\t<div class=\"section-bg fill\" >\n\t\t\t\t\t\t\t\t\t\n\t\t\t\n\n\t\t<\/div>\n\n\t\t\n\n\t\t<div class=\"section-content relative\">\n\t\t\t\n\n\t<div id=\"gap-1957143688\" class=\"gap-element clearfix\" style=\"display:block; height:auto;\">\n\t\t\n<style>\n#gap-1957143688 {\n  padding-top: 20px;\n}\n<\/style>\n\t<\/div>\n\t\n\n<div class=\"row\"  id=\"row-2075757297\">\n\n\n\t<div id=\"col-1870812792\" class=\"col medium-6 small-12 large-6\"  >\n\t\t\t\t<div class=\"col-inner\"  >\n\t\t\t\n\t\t\t\n\n<h5>Address<\/h5>\n<p>Rotary-20 Bldg. 1F, 2-3, Minami 2-jo Nishi 20-chome, Chuo-ku, Sapporo, Hokkaido, 064-0802, Japon<\/p>\n\n\n\t\t<\/div>\n\t\t\t\t\t<\/div>\n\n\t\n\n\t<div id=\"col-1471051015\" class=\"col medium-6 small-12 large-6\"  >\n\t\t\t\t<div class=\"col-inner\"  >\n\t\t\t\n\t\t\t\n\n<h5>Les heures d'ouverture<\/h5>\n<p>Lundi-vendredi 10:00-18:00 (heure du Japon) <br \/>*Ferm\u00e9 le samedi, le dimanche et les jours f\u00e9ri\u00e9s japonais<\/p>\n\n\n\t\t<\/div>\n\t\t\t\t\t<\/div>\n\n\t\n\n\n<style>\n#row-2075757297 > .col > .col-inner {\n  padding: 0px 0px 0px 0px;\n}\n<\/style>\n<\/div>\n<div class=\"row\"  id=\"row-886288842\">\n\n\n\t<div id=\"col-869297945\" class=\"col medium-6 small-12 large-6\"  >\n\t\t\t\t<div class=\"col-inner\"  >\n\t\t\t\n\t\t\t\n\n<h5>Acc\u00e8s<\/h5>\n<p>5 minutes \u00e0 pied de la station Nishi 18-chome sur la ligne Tozai.<\/p>\n\n\n\t\t<\/div>\n\t\t\t\t\t<\/div>\n\n\t\n\n\t<div id=\"col-1287140529\" class=\"col medium-6 small-12 large-6\"  >\n\t\t\t\t<div class=\"col-inner\"  >\n\t\t\t\n\t\t\t\n\n\n\n\t\t<\/div>\n\t\t\t\t\t<\/div>\n\n\t\n\n\n<style>\n#row-886288842 > .col > .col-inner {\n  padding: 0px 0px 0px 0px;\n}\n<\/style>\n<\/div>\n\n\t\t<\/div>\n\n\t\t\n<style>\n#section_726466583 {\n  padding-top: 0px;\n  padding-bottom: 0px;\n}\n<\/style>\n\t<\/section>\n\t\n<p><\/p>\n\t\t<\/div>\n\t\t\t\t\t<\/div>\n\n\t\n<\/div>\n<div class=\"row\"  id=\"row-799944725\">\n\n\t<div id=\"col-279597398\" class=\"col small-12 large-12\"  >\n\t\t\t\t<div class=\"col-inner\"  >\n\t\t\t\n\t\t\t\n\n<p><iframe src=\"https:\/\/www.google.com\/maps\/embed?pb=!1m18!1m12!1m3!1d2915.3334751349935!2d141.32421167702054!3d43.055453471136815!2m3!1f0!2f0!3f0!3m2!1i1024!2i768!4f13.1!3m3!1m2!1s0x5f0b29eb36e80ad5%3A0xe995ae0a04bfe5d!2z5pel5pys44CB44CSMDY0LTA4MDIg5YyX5rW36YGT5pyt5bmM5biC5Lit5aSu5Yy65Y2X77yS5p2h6KW_77yS77yQ5LiB55uu77yS4oiS77yTIOODreODvOOCv-ODquODvO-8ku-8kOODk-ODqw!5e0!3m2!1sja!2sau!4v1692937509732!5m2!1sja!2sau\" width=100% height=\"450\" style=\"border:0;\" allowfullscreen=\"\" loading=\"lazy\" referrerpolicy=\"no-referrer-when-downgrade\"><\/iframe><br \/>\n\n\t\t<\/div>\n\t\t\t\t\t<\/div>\n\n\t\n<\/div>\n\t\t<\/div>\n\n\t\t\n<style>\n#section_691633568 {\n  padding-top: 30px;\n  padding-bottom: 30px;\n}\n<\/style>\n\t<\/section>\n\t\n\n\t<section class=\"section\" id=\"section_641902424\">\n\t\t<div class=\"section-bg fill\" >\n\t\t\t\t\t\t\t\t\t\n\t\t\t\n\n\t\t<\/div>\n\n\t\t\n\n\t\t<div class=\"section-content relative\">\n\t\t\t\n<div class=\"container section-title-container\" ><h3 class=\"section-title section-title-normal\"><b aria-hidden=\"true\"><\/b><span class=\"section-title-main\" >Bureau de Tokyo<\/span><b aria-hidden=\"true\"><\/b><\/h3><\/div>\n<div class=\"row align-equal align-center\"  id=\"row-667713636\">\n\n\t<div id=\"col-1172672570\" class=\"col small-12 large-12\"  >\n\t\t\t\t<div class=\"col-inner\"  >\n\t\t\t\n\t\t\t\n\n\t<section class=\"section\" id=\"section_1856444329\">\n\t\t<div class=\"section-bg fill\" >\n\t\t\t\t\t\t\t\t\t\n\t\t\t\n\n\t\t<\/div>\n\n\t\t\n\n\t\t<div class=\"section-content relative\">\n\t\t\t\r\n\r\n\t<div id=\"gap-1791787959\" class=\"gap-element clearfix\" style=\"display:block; height:auto;\">\n\t\t\n<style>\n#gap-1791787959 {\n  padding-top: 20px;\n}\n<\/style>\n\t<\/div>\n\t\r\n\r\n<div class=\"row\"  id=\"row-1395187520\">\r\n\r\n\n\t<div id=\"col-1913751857\" class=\"col medium-6 small-12 large-6\"  >\n\t\t\t\t<div class=\"col-inner\"  >\n\t\t\t\n\t\t\t\r\n\r\n<br><h5>Address<\/h5><br><p>301 Kanayama Bldg, 2-19-9 Higashi, Shibuya-ku, Tokyo 150-0011<\/p><br><br><h5>Acc\u00e8s<\/h5><br><p>10 minutes \u00e0 pied de la station de Shibuya<\/p><br><br>\r\n\r\n\t\t<\/div>\n\t\t\t\t\t<\/div>\n\n\t\r\n\r\n\r\n\n<style>\n#row-1395187520 > .col > .col-inner {\n  padding: 0px 0px 0px 0px;\n}\n<\/style>\n<\/div>\r\n\r\n\t\t<\/div>\n\n\t\t\n<style>\n#section_1856444329 {\n  padding-top: 0px;\n  padding-bottom: 0px;\n}\n<\/style>\n\t<\/section>\n\t\n<p><\/p>\n\t\t<\/div>\n\t\t\t\t\t<\/div>\n\n\t\n<\/div>\n\t\t<\/div>\n\n\t\t\n<style>\n#section_641902424 {\n  padding-top: 30px;\n  padding-bottom: 30px;\n}\n<\/style>\n\t<\/section>\n\t\n","protected":false},"excerpt":{"rendered":"","protected":false},"author":1,"featured_media":0,"parent":0,"menu_order":0,"comment_status":"closed","ping_status":"closed","template":"page-blank.php","meta":{"footnotes":""},"class_list":["post-42635","page","type-page","status-publish","hentry"],"aioseo_notices":[],"_links":{"self":[{"href":"https:\/\/defier.jp\/fr\/wp-json\/wp\/v2\/pages\/42635","targetHints":{"allow":["GET"]}}],"collection":[{"href":"https:\/\/defier.jp\/fr\/wp-json\/wp\/v2\/pages"}],"about":[{"href":"https:\/\/defier.jp\/fr\/wp-json\/wp\/v2\/types\/page"}],"author":[{"embeddable":true,"href":"https:\/\/defier.jp\/fr\/wp-json\/wp\/v2\/users\/1"}],"replies":[{"embeddable":true,"href":"https:\/\/defier.jp\/fr\/wp-json\/wp\/v2\/comments?post=42635"}],"version-history":[{"count":9,"href":"https:\/\/defier.jp\/fr\/wp-json\/wp\/v2\/pages\/42635\/revisions"}],"predecessor-version":[{"id":42748,"href":"https:\/\/defier.jp\/fr\/wp-json\/wp\/v2\/pages\/42635\/revisions\/42748"}],"wp:attachment":[{"href":"https:\/\/defier.jp\/fr\/wp-json\/wp\/v2\/media?parent=42635"}],"curies":[{"name":"wp","href":"https:\/\/api.w.org\/{rel}","templated":true}]}}